{"id":1250,"date":"2020-09-07T13:39:41","date_gmt":"2020-09-07T11:39:41","guid":{"rendered":"https:\/\/www.portailclotureamenagement.fr\/clolys\/?post_type=product&#038;p=1250"},"modified":"2021-04-29T00:42:39","modified_gmt":"2021-04-28T22:42:39","slug":"portail-alu-ajoure-lames-de-8-cm-espacees-horizontales-modele-191","status":"publish","type":"product","link":"https:\/\/www.portailclotureamenagement.fr\/clolys\/portails\/portails-ajoures\/portail-alu-ajoure-lames-de-8-cm-espacees-horizontales-modele-191\/","title":{"rendered":"Portail alu ajour\u00e9 lames de 8 cm espac\u00e9es horizontales (mod\u00e8le 191)"},"content":{"rendered":"","protected":false},"excerpt":{"rendered":"","protected":false},"featured_media":1453,"template":"","meta":{"ngg_post_thumbnail":0},"_links":{"self":[{"href":"https:\/\/www.portailclotureamenagement.fr\/clolys\/wp-json\/wp\/v2\/product\/1250"}],"collection":[{"href":"https:\/\/www.portailclotureamenagement.fr\/clolys\/wp-json\/wp\/v2\/product"}],"about":[{"href":"https:\/\/www.portailclotureamenagement.fr\/clolys\/wp-json\/wp\/v2\/types\/product"}],"wp:featuredmedia":[{"embeddable":true,"href":"https:\/\/www.portailclotureamenagement.fr\/clolys\/wp-json\/wp\/v2\/media\/1453"}],"wp:attachment":[{"href":"https:\/\/www.portailclotureamenagement.fr\/clolys\/wp-json\/wp\/v2\/media?parent=1250"}],"curies":[{"name":"wp","href":"https:\/\/api.w.org\/{rel}","templated":true}]}}