{"id":1433,"date":"2020-11-19T11:19:49","date_gmt":"2020-11-19T10:19:49","guid":{"rendered":"https:\/\/www.portailclotureamenagement.fr\/clolys\/?post_type=product&#038;p=1433"},"modified":"2021-04-29T00:36:46","modified_gmt":"2021-04-28T22:36:46","slug":"portail-alu-plein-lames-de-20-cm-avec-tole-parallelogramme-modele-070","status":"publish","type":"product","link":"https:\/\/www.portailclotureamenagement.fr\/clolys\/portails\/portails-pleins\/portail-alu-plein-lames-de-20-cm-avec-tole-parallelogramme-modele-070\/","title":{"rendered":"Portail alu plein lames de 20 cm avec t\u00f4le parall\u00e9logramme (mod\u00e8le 070)"},"content":{"rendered":"","protected":false},"excerpt":{"rendered":"","protected":false},"featured_media":1434,"template":"","meta":{"ngg_post_thumbnail":0},"_links":{"self":[{"href":"https:\/\/www.portailclotureamenagement.fr\/clolys\/wp-json\/wp\/v2\/product\/1433"}],"collection":[{"href":"https:\/\/www.portailclotureamenagement.fr\/clolys\/wp-json\/wp\/v2\/product"}],"about":[{"href":"https:\/\/www.portailclotureamenagement.fr\/clolys\/wp-json\/wp\/v2\/types\/product"}],"wp:featuredmedia":[{"embeddable":true,"href":"https:\/\/www.portailclotureamenagement.fr\/clolys\/wp-json\/wp\/v2\/media\/1434"}],"wp:attachment":[{"href":"https:\/\/www.portailclotureamenagement.fr\/clolys\/wp-json\/wp\/v2\/media?parent=1433"}],"curies":[{"name":"wp","href":"https:\/\/api.w.org\/{rel}","templated":true}]}}