{"id":1471,"date":"2020-11-19T15:50:27","date_gmt":"2020-11-19T14:50:27","guid":{"rendered":"https:\/\/www.portailclotureamenagement.fr\/clolys\/?post_type=product&#038;p=1471"},"modified":"2021-04-29T00:33:05","modified_gmt":"2021-04-28T22:33:05","slug":"portail-alu-a-motifs-lames-de-20-cm-et-bandeau-tole-modele-b-base-042","status":"publish","type":"product","link":"https:\/\/www.portailclotureamenagement.fr\/clolys\/portails\/portails-a-motifs\/portail-alu-a-motifs-lames-de-20-cm-et-bandeau-tole-modele-b-base-042\/","title":{"rendered":"Portail alu \u00e0 motifs lames de 20 cm et bandeau t\u00f4le mod\u00e8le B (base 042)"},"content":{"rendered":"","protected":false},"excerpt":{"rendered":"","protected":false},"featured_media":1472,"template":"","meta":{"ngg_post_thumbnail":0},"_links":{"self":[{"href":"https:\/\/www.portailclotureamenagement.fr\/clolys\/wp-json\/wp\/v2\/product\/1471"}],"collection":[{"href":"https:\/\/www.portailclotureamenagement.fr\/clolys\/wp-json\/wp\/v2\/product"}],"about":[{"href":"https:\/\/www.portailclotureamenagement.fr\/clolys\/wp-json\/wp\/v2\/types\/product"}],"wp:featuredmedia":[{"embeddable":true,"href":"https:\/\/www.portailclotureamenagement.fr\/clolys\/wp-json\/wp\/v2\/media\/1472"}],"wp:attachment":[{"href":"https:\/\/www.portailclotureamenagement.fr\/clolys\/wp-json\/wp\/v2\/media?parent=1471"}],"curies":[{"name":"wp","href":"https:\/\/api.w.org\/{rel}","templated":true}]}}