{"id":1252,"date":"2020-09-07T13:44:04","date_gmt":"2020-09-07T11:44:04","guid":{"rendered":"https:\/\/www.portailclotureamenagement.fr\/clopev\/?post_type=product&#038;p=1252"},"modified":"2020-11-19T15:44:24","modified_gmt":"2020-11-19T14:44:24","slug":"toles-pleines-et-toles-perforees-modele-134","status":"publish","type":"product","link":"https:\/\/www.portailclotureamenagement.fr\/clopev\/portails\/portails-a-cassettes\/toles-pleines-et-toles-perforees-modele-134\/","title":{"rendered":"T\u00f4les pleines et t\u00f4les perfor\u00e9es (mod\u00e8le 134)"},"content":{"rendered":"","protected":false},"excerpt":{"rendered":"","protected":false},"featured_media":1463,"template":"","meta":{"ngg_post_thumbnail":0},"_links":{"self":[{"href":"https:\/\/www.portailclotureamenagement.fr\/clopev\/wp-json\/wp\/v2\/product\/1252"}],"collection":[{"href":"https:\/\/www.portailclotureamenagement.fr\/clopev\/wp-json\/wp\/v2\/product"}],"about":[{"href":"https:\/\/www.portailclotureamenagement.fr\/clopev\/wp-json\/wp\/v2\/types\/product"}],"wp:featuredmedia":[{"embeddable":true,"href":"https:\/\/www.portailclotureamenagement.fr\/clopev\/wp-json\/wp\/v2\/media\/1463"}],"wp:attachment":[{"href":"https:\/\/www.portailclotureamenagement.fr\/clopev\/wp-json\/wp\/v2\/media?parent=1252"}],"curies":[{"name":"wp","href":"https:\/\/api.w.org\/{rel}","templated":true}]}}