{"id":1467,"date":"2020-11-19T15:46:59","date_gmt":"2020-11-19T14:46:59","guid":{"rendered":"https:\/\/www.portailclotureamenagement.fr\/clopev\/?post_type=product&#038;p=1467"},"modified":"2020-11-19T15:47:00","modified_gmt":"2020-11-19T14:47:00","slug":"toles-perforees-modele-132","status":"publish","type":"product","link":"https:\/\/www.portailclotureamenagement.fr\/clopev\/portails\/portails-a-cassettes\/toles-perforees-modele-132\/","title":{"rendered":"T\u00f4les perfor\u00e9es (mod\u00e8le 132)"},"content":{"rendered":"","protected":false},"excerpt":{"rendered":"","protected":false},"featured_media":1468,"template":"","meta":{"ngg_post_thumbnail":0},"_links":{"self":[{"href":"https:\/\/www.portailclotureamenagement.fr\/clopev\/wp-json\/wp\/v2\/product\/1467"}],"collection":[{"href":"https:\/\/www.portailclotureamenagement.fr\/clopev\/wp-json\/wp\/v2\/product"}],"about":[{"href":"https:\/\/www.portailclotureamenagement.fr\/clopev\/wp-json\/wp\/v2\/types\/product"}],"wp:featuredmedia":[{"embeddable":true,"href":"https:\/\/www.portailclotureamenagement.fr\/clopev\/wp-json\/wp\/v2\/media\/1468"}],"wp:attachment":[{"href":"https:\/\/www.portailclotureamenagement.fr\/clopev\/wp-json\/wp\/v2\/media?parent=1467"}],"curies":[{"name":"wp","href":"https:\/\/api.w.org\/{rel}","templated":true}]}}