{"id":1249,"date":"2020-09-07T13:39:23","date_gmt":"2020-09-07T11:39:23","guid":{"rendered":"https:\/\/www.portailclotureamenagement.fr\/clowill\/?post_type=product&#038;p=1249"},"modified":"2023-05-25T16:16:03","modified_gmt":"2023-05-25T14:16:03","slug":"portail-alu-semi-ajoure-lames-de-8-cm-avec-lames-de-8-cm-espacees-modele-054","status":"publish","type":"product","link":"https:\/\/www.portailclotureamenagement.fr\/clowill\/portails\/portails-semi-ajoures\/portail-alu-semi-ajoure-lames-de-8-cm-avec-lames-de-8-cm-espacees-modele-054\/","title":{"rendered":"Portail alu semi-ajour\u00e9 lames de 8 cm avec lames de 8 cm espac\u00e9es (mod\u00e8le 054)"},"content":{"rendered":"","protected":false},"excerpt":{"rendered":"","protected":false},"featured_media":1444,"template":"","meta":{"ngg_post_thumbnail":0},"_links":{"self":[{"href":"https:\/\/www.portailclotureamenagement.fr\/clowill\/wp-json\/wp\/v2\/product\/1249"}],"collection":[{"href":"https:\/\/www.portailclotureamenagement.fr\/clowill\/wp-json\/wp\/v2\/product"}],"about":[{"href":"https:\/\/www.portailclotureamenagement.fr\/clowill\/wp-json\/wp\/v2\/types\/product"}],"wp:featuredmedia":[{"embeddable":true,"href":"https:\/\/www.portailclotureamenagement.fr\/clowill\/wp-json\/wp\/v2\/media\/1444"}],"wp:attachment":[{"href":"https:\/\/www.portailclotureamenagement.fr\/clowill\/wp-json\/wp\/v2\/media?parent=1249"}],"curies":[{"name":"wp","href":"https:\/\/api.w.org\/{rel}","templated":true}]}}