{"id":1251,"date":"2020-09-07T13:43:47","date_gmt":"2020-09-07T11:43:47","guid":{"rendered":"https:\/\/www.portailclotureamenagement.fr\/clowill\/?post_type=product&#038;p=1251"},"modified":"2023-05-25T16:15:18","modified_gmt":"2023-05-25T14:15:18","slug":"portail-alu-ajoure-barreaux-aleatoires-aleaclo","status":"publish","type":"product","link":"https:\/\/www.portailclotureamenagement.fr\/clowill\/portails\/portails-ajoures\/portail-alu-ajoure-barreaux-aleatoires-aleaclo\/","title":{"rendered":"Portail alu ajour\u00e9 barreaux al\u00e9atoires (Al\u00e9aclo)"},"content":{"rendered":"","protected":false},"excerpt":{"rendered":"","protected":false},"featured_media":1457,"template":"","meta":{"ngg_post_thumbnail":0},"_links":{"self":[{"href":"https:\/\/www.portailclotureamenagement.fr\/clowill\/wp-json\/wp\/v2\/product\/1251"}],"collection":[{"href":"https:\/\/www.portailclotureamenagement.fr\/clowill\/wp-json\/wp\/v2\/product"}],"about":[{"href":"https:\/\/www.portailclotureamenagement.fr\/clowill\/wp-json\/wp\/v2\/types\/product"}],"wp:featuredmedia":[{"embeddable":true,"href":"https:\/\/www.portailclotureamenagement.fr\/clowill\/wp-json\/wp\/v2\/media\/1457"}],"wp:attachment":[{"href":"https:\/\/www.portailclotureamenagement.fr\/clowill\/wp-json\/wp\/v2\/media?parent=1251"}],"curies":[{"name":"wp","href":"https:\/\/api.w.org\/{rel}","templated":true}]}}