{"id":1253,"date":"2020-09-07T13:45:13","date_gmt":"2020-09-07T11:45:13","guid":{"rendered":"https:\/\/www.portailclotureamenagement.fr\/clowill\/?post_type=product&#038;p=1253"},"modified":"2023-05-25T16:14:36","modified_gmt":"2023-05-25T14:14:36","slug":"portail-alu-a-motifs-lames-de-20-cm-et-bandeau-tole-modele-f-base-042","status":"publish","type":"product","link":"https:\/\/www.portailclotureamenagement.fr\/clowill\/portails\/portails-a-motifs\/portail-alu-a-motifs-lames-de-20-cm-et-bandeau-tole-modele-f-base-042\/","title":{"rendered":"Portail alu \u00e0 motifs lames de 20 cm et bandeau t\u00f4le mod\u00e8le F (base 042)"},"content":{"rendered":"","protected":false},"excerpt":{"rendered":"","protected":false},"featured_media":1480,"template":"","meta":{"ngg_post_thumbnail":0},"_links":{"self":[{"href":"https:\/\/www.portailclotureamenagement.fr\/clowill\/wp-json\/wp\/v2\/product\/1253"}],"collection":[{"href":"https:\/\/www.portailclotureamenagement.fr\/clowill\/wp-json\/wp\/v2\/product"}],"about":[{"href":"https:\/\/www.portailclotureamenagement.fr\/clowill\/wp-json\/wp\/v2\/types\/product"}],"wp:featuredmedia":[{"embeddable":true,"href":"https:\/\/www.portailclotureamenagement.fr\/clowill\/wp-json\/wp\/v2\/media\/1480"}],"wp:attachment":[{"href":"https:\/\/www.portailclotureamenagement.fr\/clowill\/wp-json\/wp\/v2\/media?parent=1253"}],"curies":[{"name":"wp","href":"https:\/\/api.w.org\/{rel}","templated":true}]}}