{"id":1475,"date":"2021-01-29T12:00:41","date_gmt":"2021-01-29T11:00:41","guid":{"rendered":"https:\/\/www.portailclotureamenagement.fr\/clowill\/?post_type=product&#038;p=1475"},"modified":"2023-05-25T16:02:51","modified_gmt":"2023-05-25T14:02:51","slug":"portail-alu-a-motif-tole-personnalisee-herbe","status":"publish","type":"product","link":"https:\/\/www.portailclotureamenagement.fr\/clowill\/portails\/portails-a-motifs\/portail-alu-a-motif-tole-personnalisee-herbe\/","title":{"rendered":"Portail alu \u00e0 motif t\u00f4le personnalis\u00e9e \u00ab\u00a0herbe\u00a0\u00bb"},"content":{"rendered":"","protected":false},"excerpt":{"rendered":"","protected":false},"featured_media":1481,"template":"","meta":{"ngg_post_thumbnail":0},"_links":{"self":[{"href":"https:\/\/www.portailclotureamenagement.fr\/clowill\/wp-json\/wp\/v2\/product\/1475"}],"collection":[{"href":"https:\/\/www.portailclotureamenagement.fr\/clowill\/wp-json\/wp\/v2\/product"}],"about":[{"href":"https:\/\/www.portailclotureamenagement.fr\/clowill\/wp-json\/wp\/v2\/types\/product"}],"wp:featuredmedia":[{"embeddable":true,"href":"https:\/\/www.portailclotureamenagement.fr\/clowill\/wp-json\/wp\/v2\/media\/1481"}],"wp:attachment":[{"href":"https:\/\/www.portailclotureamenagement.fr\/clowill\/wp-json\/wp\/v2\/media?parent=1475"}],"curies":[{"name":"wp","href":"https:\/\/api.w.org\/{rel}","templated":true}]}}